{"id":47582,"date":"2021-04-22T10:44:18","date_gmt":"2021-04-22T08:44:18","guid":{"rendered":"https:\/\/test.anakras.hr\/contact\/"},"modified":"2025-09-23T14:42:45","modified_gmt":"2025-09-23T12:42:45","slug":"contact","status":"publish","type":"page","link":"https:\/\/test.anakras.hr\/en\/contact\/","title":{"rendered":"Contact"},"content":{"rendered":"<p>[et_pb_section fb_built=&#8221;1&#8243; _builder_version=&#8221;4.16&#8243; _module_preset=&#8221;default&#8221; global_colors_info=&#8221;{}&#8221;][et_pb_row column_structure=&#8221;1_2,1_2&#8243; _builder_version=&#8221;4.16&#8243; _module_preset=&#8221;default&#8221; global_colors_info=&#8221;{}&#8221;][et_pb_column type=&#8221;1_2&#8243; _builder_version=&#8221;4.16&#8243; _module_preset=&#8221;default&#8221; global_colors_info=&#8221;{}&#8221;][et_pb_text _builder_version=&#8221;4.27.4&#8243; text_font=&#8221;||||||||&#8221; text_line_height=&#8221;2em&#8221; header_font=&#8221;Cormorant Garamond|700|||||||&#8221; header_font_size=&#8221;60px&#8221; header_line_height=&#8221;1.5em&#8221; custom_margin=&#8221;|||10px|false|false&#8221; text_font_size_tablet=&#8221;&#8221; text_font_size_phone=&#8221;16px&#8221; text_font_size_last_edited=&#8221;on|phone&#8221; header_font_size_tablet=&#8221;50px&#8221; header_font_size_phone=&#8221;40px&#8221; header_font_size_last_edited=&#8221;on|phone&#8221; locked=&#8221;off&#8221; global_colors_info=&#8221;{}&#8221;]<\/p>\n<h2><strong><span style=\"color: #000000;\">CONTACT US<\/span><\/strong><strong><\/strong><\/h2>\n<p>We are here to answer all your questions regarding purchases, delivery, and product warranties.<\/p>\n<p>[\/et_pb_text][et_pb_blurb title=&#8221;Optujska street 58, 42000, Vara\u017edin&#8221; use_icon=&#8221;on&#8221; font_icon=&#8221;&#xe081;||divi||400&#8243; icon_color=&#8221;#000000&#8243; icon_placement=&#8221;left&#8221; image_icon_width=&#8221;20px&#8221; _builder_version=&#8221;4.21.0&#8243; header_font=&#8221;|700||on|||||&#8221; header_text_color=&#8221;#000000&#8243; header_font_size=&#8221;13px&#8221; header_letter_spacing=&#8221;2px&#8221; header_line_height=&#8221;1.8em&#8221; body_font=&#8221;||||||||&#8221; background_layout=&#8221;dark&#8221; custom_margin=&#8221;4px||16px|||&#8221; animation=&#8221;off&#8221; icon_font_size=&#8221;20px&#8221; locked=&#8221;off&#8221; global_colors_info=&#8221;{}&#8221;][\/et_pb_blurb][et_pb_blurb use_icon=&#8221;on&#8221; font_icon=&#8221;&#xe090;||divi||400&#8243; icon_color=&#8221;#000000&#8243; icon_placement=&#8221;left&#8221; image_icon_width=&#8221;20px&#8221; title_tablet=&#8221;&#8221; title_phone=&#8221;&#8221; title_last_edited=&#8221;on|desktop&#8221; _builder_version=&#8221;4.16&#8243; header_font=&#8221;|700||on|||||&#8221; header_text_color=&#8221;#000000&#8243; header_font_size=&#8221;13px&#8221; header_letter_spacing=&#8221;2px&#8221; header_line_height=&#8221;1.8em&#8221; body_font=&#8221;||||||||&#8221; background_layout=&#8221;dark&#8221; custom_margin=&#8221;10px||19px||false|false&#8221; animation=&#8221;off&#8221; icon_font_size=&#8221;20px&#8221; locked=&#8221;off&#8221; global_colors_info=&#8221;{}&#8221; title__hover_enabled=&#8221;on|desktop&#8221;]<\/p>\n<p><a href=\"tel:385-99-797-7016\">+385 99 797 7016<\/a><\/p>\n<p>[\/et_pb_blurb][et_pb_blurb title=&#8221;info@anakras.hr&#8221; url=&#8221;mailto:info@anakras.com&#8221; use_icon=&#8221;on&#8221; font_icon=&#8221;&#xe076;||divi||400&#8243; icon_color=&#8221;#000000&#8243; icon_placement=&#8221;left&#8221; image_icon_width=&#8221;20px&#8221; _builder_version=&#8221;4.16&#8243; header_font=&#8221;|700||on|||||&#8221; header_text_color=&#8221;#000000&#8243; header_font_size=&#8221;13px&#8221; header_letter_spacing=&#8221;2px&#8221; header_line_height=&#8221;1.8em&#8221; body_font=&#8221;||||||||&#8221; background_layout=&#8221;dark&#8221; custom_margin=&#8221;||10px||false|false&#8221; custom_padding=&#8221;||10px|||&#8221; animation=&#8221;off&#8221; icon_font_size=&#8221;20px&#8221; locked=&#8221;off&#8221; global_colors_info=&#8221;{}&#8221;][\/et_pb_blurb][et_pb_blurb title=&#8221;Working hours&#8221; use_icon=&#8221;on&#8221; font_icon=&#8221;&#xe60d;||divi||400&#8243; icon_color=&#8221;#000000&#8243; icon_placement=&#8221;left&#8221; image_icon_width=&#8221;20px&#8221; _builder_version=&#8221;4.16&#8243; header_font=&#8221;|700||on|||||&#8221; header_text_color=&#8221;#000000&#8243; header_font_size=&#8221;13px&#8221; header_letter_spacing=&#8221;2px&#8221; header_line_height=&#8221;1.8em&#8221; body_font=&#8221;||||||||&#8221; body_text_color=&#8221;#000000&#8243; background_layout=&#8221;dark&#8221; custom_margin=&#8221;-15px|||||&#8221; animation=&#8221;off&#8221; icon_font_size=&#8221;20px&#8221; locked=&#8221;off&#8221; global_colors_info=&#8221;{}&#8221;]<\/p>\n<p><span>Monday-friday:<\/span><br \/><span>09.00 \u2013 19.30h<\/span><br \/><span>Saturday: 09.00 \u2013 13.00h<\/span><\/p>\n<p>[\/et_pb_blurb][et_pb_blurb title=&#8221;POINTS OF SALES&#8221; url=&#8221;https:\/\/test.anakras.hr\/prodajna-mjesta\/&#8221; use_icon=&#8221;on&#8221; font_icon=&#8221;&#xf54f;||fa||900&#8243; icon_color=&#8221;#000000&#8243; icon_placement=&#8221;left&#8221; image_icon_width=&#8221;20px&#8221; _builder_version=&#8221;4.27.4&#8243; header_font=&#8221;|700||on|||||&#8221; header_text_color=&#8221;#000000&#8243; header_font_size=&#8221;13px&#8221; header_letter_spacing=&#8221;2px&#8221; header_line_height=&#8221;1.8em&#8221; body_font=&#8221;||||||||&#8221; background_layout=&#8221;dark&#8221; custom_margin=&#8221;||10px||false|false&#8221; custom_padding=&#8221;||10px|||&#8221; animation=&#8221;off&#8221; icon_font_size=&#8221;20px&#8221; locked=&#8221;off&#8221; global_colors_info=&#8221;{}&#8221;][\/et_pb_blurb][et_pb_social_media_follow _builder_version=&#8221;4.27.4&#8243; _module_preset=&#8221;default&#8221; text_orientation=&#8221;left&#8221; custom_padding=&#8221;9px||||false|false&#8221; global_colors_info=&#8221;{}&#8221;][et_pb_social_media_follow_network social_network=&#8221;facebook&#8221; url=&#8221;https:\/\/www.facebook.com\/ana.krassostaric&#8221; _builder_version=&#8221;4.16&#8243; _module_preset=&#8221;default&#8221; background_color=&#8221;#000000&#8243; background_enable_color=&#8221;on&#8221; global_colors_info=&#8221;{}&#8221; follow_button=&#8221;off&#8221; url_new_window=&#8221;on&#8221;]facebook[\/et_pb_social_media_follow_network][et_pb_social_media_follow_network social_network=&#8221;instagram&#8221; url=&#8221;https:\/\/www.instagram.com\/ana_kras_design\/&#8221; _builder_version=&#8221;4.16&#8243; _module_preset=&#8221;default&#8221; background_color=&#8221;#000000&#8243; background_enable_color=&#8221;on&#8221; global_colors_info=&#8221;{}&#8221; follow_button=&#8221;off&#8221; url_new_window=&#8221;on&#8221;]instagram[\/et_pb_social_media_follow_network][\/et_pb_social_media_follow][\/et_pb_column][et_pb_column type=&#8221;1_2&#8243; _builder_version=&#8221;4.16&#8243; _module_preset=&#8221;default&#8221; global_colors_info=&#8221;{}&#8221;][et_pb_text _builder_version=&#8221;4.27.4&#8243; text_font=&#8221;||||||||&#8221; text_line_height=&#8221;2em&#8221; header_font=&#8221;Cormorant Garamond|700|||||||&#8221; header_font_size=&#8221;60px&#8221; header_line_height=&#8221;1.5em&#8221; custom_margin=&#8221;|||10px|false|false&#8221; hover_enabled=&#8221;0&#8243; text_font_size_tablet=&#8221;&#8221; text_font_size_phone=&#8221;16px&#8221; text_font_size_last_edited=&#8221;on|phone&#8221; header_font_size_tablet=&#8221;50px&#8221; header_font_size_phone=&#8221;40px&#8221; header_font_size_last_edited=&#8221;on|phone&#8221; locked=&#8221;off&#8221; global_colors_info=&#8221;{}&#8221; sticky_enabled=&#8221;0&#8243;]<\/p>\n<h2><strong><span style=\"color: #000000;\">SEND US A MESSAGE<\/span><\/strong><strong><\/strong><\/h2>\n<p>[\/et_pb_text][et_pb_contact_form email=&#8221;info@anakras.hr&#8221; custom_message=&#8221;%%message%%&#8221; success_message=&#8221;Your message has been sent successfully.&#8221; submit_button_text=&#8221;SEND&#8221; module_id=&#8221;et_pb_contact_form_0&#8243; _builder_version=&#8221;4.27.4&#8243; _unique_id=&#8221;cd22aac8-8c0d-4503-8105-d88d052c49a8&#8243; form_field_text_color=&#8221;rgba(0,0,0,0.3)&#8221; title_level=&#8221;h5&#8243; title_font=&#8221;|700||on|||||&#8221; title_font_size=&#8221;22px&#8221; title_line_height=&#8221;1.5em&#8221; form_field_font=&#8221;|600||on|||||&#8221; custom_button=&#8221;on&#8221; button_text_size=&#8221;16px&#8221; button_text_color=&#8221;#FFFFFF&#8221; button_bg_color=&#8221;#000000&#8243; button_border_width=&#8221;0px&#8221; button_border_color=&#8221;#000000&#8243; button_border_radius=&#8221;0px&#8221; button_font=&#8221;|700||on|||||&#8221; custom_margin=&#8221;||||false|false&#8221; hover_enabled=&#8221;0&#8243; locked=&#8221;off&#8221; global_colors_info=&#8221;{}&#8221; sticky_enabled=&#8221;0&#8243; button_use_icon=&#8221;off&#8221;][et_pb_contact_field field_id=&#8221;Name&#8221; field_title=&#8221;First and last name&#8221; fullwidth_field=&#8221;on&#8221; _builder_version=&#8221;4.16&#8243; global_colors_info=&#8221;{}&#8221; button_text_size__hover_enabled=&#8221;off&#8221; button_one_text_size__hover_enabled=&#8221;off&#8221; button_two_text_size__hover_enabled=&#8221;off&#8221; button_text_color__hover_enabled=&#8221;off&#8221; button_one_text_color__hover_enabled=&#8221;off&#8221; button_two_text_color__hover_enabled=&#8221;off&#8221; button_border_width__hover_enabled=&#8221;off&#8221; button_one_border_width__hover_enabled=&#8221;off&#8221; button_two_border_width__hover_enabled=&#8221;off&#8221; button_border_color__hover_enabled=&#8221;off&#8221; button_one_border_color__hover_enabled=&#8221;off&#8221; button_two_border_color__hover_enabled=&#8221;off&#8221; button_border_radius__hover_enabled=&#8221;off&#8221; button_one_border_radius__hover_enabled=&#8221;off&#8221; button_two_border_radius__hover_enabled=&#8221;off&#8221; button_letter_spacing__hover_enabled=&#8221;off&#8221; button_one_letter_spacing__hover_enabled=&#8221;off&#8221; button_two_letter_spacing__hover_enabled=&#8221;off&#8221; button_bg_color__hover_enabled=&#8221;off&#8221; button_one_bg_color__hover_enabled=&#8221;off&#8221; button_two_bg_color__hover_enabled=&#8221;off&#8221;][\/et_pb_contact_field][et_pb_contact_field field_id=&#8221;Email&#8221; field_title=&#8221;Email&#8221; field_type=&#8221;email&#8221; fullwidth_field=&#8221;on&#8221; _builder_version=&#8221;4.16&#8243; global_colors_info=&#8221;{}&#8221; button_text_size__hover_enabled=&#8221;off&#8221; button_one_text_size__hover_enabled=&#8221;off&#8221; button_two_text_size__hover_enabled=&#8221;off&#8221; button_text_color__hover_enabled=&#8221;off&#8221; button_one_text_color__hover_enabled=&#8221;off&#8221; button_two_text_color__hover_enabled=&#8221;off&#8221; button_border_width__hover_enabled=&#8221;off&#8221; button_one_border_width__hover_enabled=&#8221;off&#8221; button_two_border_width__hover_enabled=&#8221;off&#8221; button_border_color__hover_enabled=&#8221;off&#8221; button_one_border_color__hover_enabled=&#8221;off&#8221; button_two_border_color__hover_enabled=&#8221;off&#8221; button_border_radius__hover_enabled=&#8221;off&#8221; button_one_border_radius__hover_enabled=&#8221;off&#8221; button_two_border_radius__hover_enabled=&#8221;off&#8221; button_letter_spacing__hover_enabled=&#8221;off&#8221; button_one_letter_spacing__hover_enabled=&#8221;off&#8221; button_two_letter_spacing__hover_enabled=&#8221;off&#8221; button_bg_color__hover_enabled=&#8221;off&#8221; button_one_bg_color__hover_enabled=&#8221;off&#8221; button_two_bg_color__hover_enabled=&#8221;off&#8221;][\/et_pb_contact_field][et_pb_contact_field field_id=&#8221;Message&#8221; field_title=&#8221;Message&#8221; field_type=&#8221;text&#8221; fullwidth_field=&#8221;on&#8221; _builder_version=&#8221;4.16&#8243; global_colors_info=&#8221;{}&#8221; button_text_size__hover_enabled=&#8221;off&#8221; button_one_text_size__hover_enabled=&#8221;off&#8221; button_two_text_size__hover_enabled=&#8221;off&#8221; button_text_color__hover_enabled=&#8221;off&#8221; button_one_text_color__hover_enabled=&#8221;off&#8221; button_two_text_color__hover_enabled=&#8221;off&#8221; button_border_width__hover_enabled=&#8221;off&#8221; button_one_border_width__hover_enabled=&#8221;off&#8221; button_two_border_width__hover_enabled=&#8221;off&#8221; button_border_color__hover_enabled=&#8221;off&#8221; button_one_border_color__hover_enabled=&#8221;off&#8221; button_two_border_color__hover_enabled=&#8221;off&#8221; button_border_radius__hover_enabled=&#8221;off&#8221; button_one_border_radius__hover_enabled=&#8221;off&#8221; button_two_border_radius__hover_enabled=&#8221;off&#8221; button_letter_spacing__hover_enabled=&#8221;off&#8221; button_one_letter_spacing__hover_enabled=&#8221;off&#8221; button_two_letter_spacing__hover_enabled=&#8221;off&#8221; button_bg_color__hover_enabled=&#8221;off&#8221; button_one_bg_color__hover_enabled=&#8221;off&#8221; button_two_bg_color__hover_enabled=&#8221;off&#8221;][\/et_pb_contact_field][\/et_pb_contact_form][\/et_pb_column][\/et_pb_row][et_pb_row _builder_version=&#8221;4.27.4&#8243; _module_preset=&#8221;default&#8221; global_colors_info=&#8221;{}&#8221;][et_pb_column type=&#8221;4_4&#8243; _builder_version=&#8221;4.27.4&#8243; _module_preset=&#8221;default&#8221; global_colors_info=&#8221;{}&#8221;][et_pb_code _builder_version=&#8221;4.16&#8243; _module_preset=&#8221;default&#8221; custom_margin=&#8221;||50px|||&#8221; global_colors_info=&#8221;{}&#8221;]<iframe src=\"https:\/\/www.google.com\/maps\/embed?pb=!1m14!1m8!1m3!1d764.8982472955234!2d16.338586240998627!3d46.30883722104127!3m2!1i1024!2i768!4f13.1!3m3!1m2!1s0x0%3A0x73e163cd0eeeb1eb!2sAna%20Kra%C5%A1%20d.o.o.!5e0!3m2!1shr!2shr!4v1630065594535!5m2!1shr!2shr\" width=\"1800\" height=\"450\" style=\"border:0;\" allowfullscreen=\"\" loading=\"lazy\"><\/iframe>[\/et_pb_code][\/et_pb_column][\/et_pb_row][et_pb_row _builder_version=&#8221;4.27.4&#8243; _module_preset=&#8221;default&#8221; global_colors_info=&#8221;{}&#8221;][et_pb_column type=&#8221;4_4&#8243; _builder_version=&#8221;4.27.4&#8243; _module_preset=&#8221;default&#8221; global_colors_info=&#8221;{}&#8221;][et_pb_text _builder_version=&#8221;4.27.4&#8243; text_font=&#8221;||||||||&#8221; text_line_height=&#8221;2em&#8221; header_font=&#8221;Cormorant Garamond|700|||||||&#8221; header_font_size=&#8221;60px&#8221; header_line_height=&#8221;1.5em&#8221; custom_margin=&#8221;|||10px|false|false&#8221; text_font_size_tablet=&#8221;&#8221; text_font_size_phone=&#8221;16px&#8221; text_font_size_last_edited=&#8221;on|phone&#8221; header_font_size_tablet=&#8221;50px&#8221; header_font_size_phone=&#8221;40px&#8221; header_font_size_last_edited=&#8221;on|phone&#8221; locked=&#8221;off&#8221; global_colors_info=&#8221;{}&#8221;]<\/p>\n<h2><strong><span style=\"color: #000000;\">INFO<\/span><\/strong><strong><\/strong><\/h2>\n<p><strong>Company:<\/strong> Ana Kra\u0161 d.o.o.<br \/>ANA KRA\u0160 dru\u0161tvo s ograni\u010denom odgovorno\u0161\u0107u za proizvodnju odje\u0107e<br \/><strong>Shop: <\/strong>Optujska ulica 58, 42 000 Vara\u017edin<strong><br \/><\/strong><strong>Company address: <\/strong>Ulica Bosiljke Paske 6, 42000, Vara\u017edin<br \/><strong>MBS:<\/strong> 070167087 | <strong>OIB:<\/strong> 49058461801 | <strong>VAT ID:<\/strong> HR49058461801<br \/><strong><\/strong><\/p>\n<p><strong>Court register:<\/strong> Trgova\u010dki sud u Vara\u017edinu<br \/><strong>Share capital:<\/strong> 20.000,00 kn<br \/><strong>Director:<\/strong> Ana Kra\u0161 \u0160o\u0161tari\u0107<\/p>\n<p>Bank: Privredna banka Zagreb<br \/>PBZ: HR6723400091110980957 | ZABA: HR1123600001102743508<\/p>\n<p>&nbsp;<\/p>\n<p>[\/et_pb_text][\/et_pb_column][\/et_pb_row][et_pb_row _builder_version=&#8221;4.16&#8243; _module_preset=&#8221;default&#8221; custom_margin=&#8221;10px||||false|false&#8221; custom_padding=&#8221;9px||||false|false&#8221; global_colors_info=&#8221;{}&#8221;][et_pb_column type=&#8221;4_4&#8243; _builder_version=&#8221;4.16&#8243; _module_preset=&#8221;default&#8221; global_colors_info=&#8221;{}&#8221;][et_pb_signup mailchimp_list=&#8221;Ana Kra\u0161 doo|8d1b08af84&#8243; name_field=&#8221;on&#8221; success_message=&#8221;You have successfully registered! Thank you! &#8221; title=&#8221;AK NEWSLETTER&#8221; description=&#8221;<\/p>\n<p>Subscribe to our newsletter<\/p>\n<p>Be the first to find out all the information about promotions, discounts, and new campaigns, and be the first to preview our latest collections.<\/p>\n<p>&#8221; module_id=&#8221;NL&#8221; _builder_version=&#8221;4.21.0&#8243; _module_preset=&#8221;default&#8221; form_field_font=&#8221;|300|||||||&#8221; background_color=&#8221;#000000&#8243; custom_margin=&#8221;0px||||false|false&#8221; custom_padding=&#8221;50px|50px|50px|50px|false|false&#8221; global_colors_info=&#8221;{}&#8221;][\/et_pb_signup][\/et_pb_column][\/et_pb_row][et_pb_row _builder_version=&#8221;4.16&#8243; _module_preset=&#8221;default&#8221; global_colors_info=&#8221;{}&#8221;][et_pb_column type=&#8221;4_4&#8243; _builder_version=&#8221;4.16&#8243; _module_preset=&#8221;default&#8221; global_colors_info=&#8221;{}&#8221;][\/et_pb_column][\/et_pb_row][\/et_pb_section]<\/p>\n","protected":false},"excerpt":{"rendered":"<p>CONTACT US We are here to answer all your questions regarding purchases, delivery, and product warranties.+385 99 797 7016Monday-friday:09.00 \u2013 19.30hSaturday: 09.00 \u2013 13.00hSEND US A MESSAGEINFO Company: Ana Kra\u0161 d.o.o.ANA KRA\u0160 dru\u0161tvo s ograni\u010denom odgovorno\u0161\u0107u za proizvodnju odje\u0107eShop: Optujska ulica 58, 42 000 Vara\u017edinCompany address: Ulica Bosiljke Paske 6, 42000, Vara\u017edinMBS: 070167087 | OIB: [&hellip;]<\/p>\n","protected":false},"author":70,"featured_media":0,"parent":0,"menu_order":0,"comment_status":"closed","ping_status":"closed","template":"","meta":{"_et_pb_use_builder":"on","_et_pb_old_content":"","_et_gb_content_width":"","_uf_show_specific_survey":0,"_uf_disable_surveys":false,"footnotes":""},"class_list":["post-47582","page","type-page","status-publish","hentry"],"yoast_head":"<!-- This site is optimized with the Yoast SEO plugin v26.6 - https:\/\/yoast.com\/wordpress\/plugins\/seo\/ -->\n<title>Contact - Ana Kra\u0161 d.o.o. - Get in touch<\/title>\n<meta name=\"description\" content=\"Contact Ana Kra\u0161 - We are here to answer all your questions regarding purchases, delivery, product warranties. Contact us\" \/>\n<meta name=\"robots\" content=\"noindex, follow, max-snippet:-1, max-image-preview:large, max-video-preview:-1\" \/>\n<meta property=\"og:locale\" content=\"en_US\" \/>\n<meta property=\"og:type\" content=\"article\" \/>\n<meta property=\"og:title\" content=\"Contact - Ana Kra\u0161 d.o.o. - Get in touch\" \/>\n<meta property=\"og:description\" content=\"Contact Ana Kra\u0161 - We are here to answer all your questions regarding purchases, delivery, product warranties. Contact us\" \/>\n<meta property=\"og:url\" content=\"https:\/\/test.anakras.hr\/en\/contact\/\" \/>\n<meta property=\"og:site_name\" content=\"Ana Kra\u0161 d.o.o.\" \/>\n<meta property=\"article:publisher\" content=\"https:\/\/www.facebook.com\/ana.krassostaric\" \/>\n<meta property=\"article:modified_time\" content=\"2025-09-23T12:42:45+00:00\" \/>\n<meta property=\"og:image\" content=\"http:\/\/anakras.hr\/wp-content\/uploads\/2021\/10\/AK_kontakt_home.jpg\" \/>\n<meta name=\"twitter:card\" content=\"summary_large_image\" \/>\n<meta name=\"twitter:title\" content=\"Contact - Ana Kra\u0161 d.o.o. - Get in touch\" \/>\n<meta name=\"twitter:description\" content=\"Contact Ana Kra\u0161 - We are here to answer all your questions regarding purchases, delivery, product warranties. Contact us\" \/>\n<meta name=\"twitter:image\" content=\"http:\/\/anakras.hr\/wp-content\/uploads\/2021\/10\/AK_kontakt_home.jpg\" \/>\n<meta name=\"twitter:label1\" content=\"Est. reading time\" \/>\n\t<meta name=\"twitter:data1\" content=\"8 minutes\" \/>\n<script type=\"application\/ld+json\" class=\"yoast-schema-graph\">{\"@context\":\"https:\/\/schema.org\",\"@graph\":[{\"@type\":\"WebPage\",\"@id\":\"https:\/\/test.anakras.hr\/en\/contact\/\",\"url\":\"https:\/\/test.anakras.hr\/en\/contact\/\",\"name\":\"Contact - Ana Kra\u0161 d.o.o. - Get in touch\",\"isPartOf\":{\"@id\":\"https:\/\/test.anakras.hr\/en\/#website\"},\"datePublished\":\"2021-04-22T08:44:18+00:00\",\"dateModified\":\"2025-09-23T12:42:45+00:00\",\"description\":\"Contact Ana Kra\u0161 - We are here to answer all your questions regarding purchases, delivery, product warranties. Contact us\",\"breadcrumb\":{\"@id\":\"https:\/\/test.anakras.hr\/en\/contact\/#breadcrumb\"},\"inLanguage\":\"en-US\",\"potentialAction\":[{\"@type\":\"ReadAction\",\"target\":[\"https:\/\/test.anakras.hr\/en\/contact\/\"]}]},{\"@type\":\"BreadcrumbList\",\"@id\":\"https:\/\/test.anakras.hr\/en\/contact\/#breadcrumb\",\"itemListElement\":[{\"@type\":\"ListItem\",\"position\":1,\"name\":\"Po\u010detna stranica\",\"item\":\"https:\/\/test.anakras.hr\/en\/\"},{\"@type\":\"ListItem\",\"position\":2,\"name\":\"Contact\"}]},{\"@type\":\"WebSite\",\"@id\":\"https:\/\/test.anakras.hr\/en\/#website\",\"url\":\"https:\/\/test.anakras.hr\/en\/\",\"name\":\"Ana Kra\u0161 d.o.o.\",\"description\":\"Design\",\"publisher\":{\"@id\":\"https:\/\/test.anakras.hr\/en\/#organization\"},\"potentialAction\":[{\"@type\":\"SearchAction\",\"target\":{\"@type\":\"EntryPoint\",\"urlTemplate\":\"https:\/\/test.anakras.hr\/en\/?s={search_term_string}\"},\"query-input\":{\"@type\":\"PropertyValueSpecification\",\"valueRequired\":true,\"valueName\":\"search_term_string\"}}],\"inLanguage\":\"en-US\"},{\"@type\":\"Organization\",\"@id\":\"https:\/\/test.anakras.hr\/en\/#organization\",\"name\":\"Ana Kra\u0161 d.o.o.\",\"url\":\"https:\/\/test.anakras.hr\/en\/\",\"logo\":{\"@type\":\"ImageObject\",\"inLanguage\":\"en-US\",\"@id\":\"https:\/\/test.anakras.hr\/en\/#\/schema\/logo\/image\/\",\"url\":\"https:\/\/test.anakras.hr\/wp-content\/uploads\/2023\/03\/ak-logo-web-2.jpg\",\"contentUrl\":\"https:\/\/test.anakras.hr\/wp-content\/uploads\/2023\/03\/ak-logo-web-2.jpg\",\"width\":200,\"height\":200,\"caption\":\"Ana Kra\u0161 d.o.o.\"},\"image\":{\"@id\":\"https:\/\/test.anakras.hr\/en\/#\/schema\/logo\/image\/\"},\"sameAs\":[\"https:\/\/www.facebook.com\/ana.krassostaric\",\"https:\/\/www.instagram.com\/ana_kras_design\/\"]}]}<\/script>\n<!-- \/ Yoast SEO plugin. -->","yoast_head_json":{"title":"Contact - Ana Kra\u0161 d.o.o. - Get in touch","description":"Contact Ana Kra\u0161 - We are here to answer all your questions regarding purchases, delivery, product warranties. Contact us","robots":{"index":"noindex","follow":"follow","max-snippet":"max-snippet:-1","max-image-preview":"max-image-preview:large","max-video-preview":"max-video-preview:-1"},"og_locale":"en_US","og_type":"article","og_title":"Contact - Ana Kra\u0161 d.o.o. - Get in touch","og_description":"Contact Ana Kra\u0161 - We are here to answer all your questions regarding purchases, delivery, product warranties. Contact us","og_url":"https:\/\/test.anakras.hr\/en\/contact\/","og_site_name":"Ana Kra\u0161 d.o.o.","article_publisher":"https:\/\/www.facebook.com\/ana.krassostaric","article_modified_time":"2025-09-23T12:42:45+00:00","og_image":[{"url":"http:\/\/anakras.hr\/wp-content\/uploads\/2021\/10\/AK_kontakt_home.jpg","type":"","width":"","height":""}],"twitter_card":"summary_large_image","twitter_title":"Contact - Ana Kra\u0161 d.o.o. - Get in touch","twitter_description":"Contact Ana Kra\u0161 - We are here to answer all your questions regarding purchases, delivery, product warranties. Contact us","twitter_image":"http:\/\/anakras.hr\/wp-content\/uploads\/2021\/10\/AK_kontakt_home.jpg","twitter_misc":{"Est. reading time":"8 minutes"},"schema":{"@context":"https:\/\/schema.org","@graph":[{"@type":"WebPage","@id":"https:\/\/test.anakras.hr\/en\/contact\/","url":"https:\/\/test.anakras.hr\/en\/contact\/","name":"Contact - Ana Kra\u0161 d.o.o. - Get in touch","isPartOf":{"@id":"https:\/\/test.anakras.hr\/en\/#website"},"datePublished":"2021-04-22T08:44:18+00:00","dateModified":"2025-09-23T12:42:45+00:00","description":"Contact Ana Kra\u0161 - We are here to answer all your questions regarding purchases, delivery, product warranties. Contact us","breadcrumb":{"@id":"https:\/\/test.anakras.hr\/en\/contact\/#breadcrumb"},"inLanguage":"en-US","potentialAction":[{"@type":"ReadAction","target":["https:\/\/test.anakras.hr\/en\/contact\/"]}]},{"@type":"BreadcrumbList","@id":"https:\/\/test.anakras.hr\/en\/contact\/#breadcrumb","itemListElement":[{"@type":"ListItem","position":1,"name":"Po\u010detna stranica","item":"https:\/\/test.anakras.hr\/en\/"},{"@type":"ListItem","position":2,"name":"Contact"}]},{"@type":"WebSite","@id":"https:\/\/test.anakras.hr\/en\/#website","url":"https:\/\/test.anakras.hr\/en\/","name":"Ana Kra\u0161 d.o.o.","description":"Design","publisher":{"@id":"https:\/\/test.anakras.hr\/en\/#organization"},"potentialAction":[{"@type":"SearchAction","target":{"@type":"EntryPoint","urlTemplate":"https:\/\/test.anakras.hr\/en\/?s={search_term_string}"},"query-input":{"@type":"PropertyValueSpecification","valueRequired":true,"valueName":"search_term_string"}}],"inLanguage":"en-US"},{"@type":"Organization","@id":"https:\/\/test.anakras.hr\/en\/#organization","name":"Ana Kra\u0161 d.o.o.","url":"https:\/\/test.anakras.hr\/en\/","logo":{"@type":"ImageObject","inLanguage":"en-US","@id":"https:\/\/test.anakras.hr\/en\/#\/schema\/logo\/image\/","url":"https:\/\/test.anakras.hr\/wp-content\/uploads\/2023\/03\/ak-logo-web-2.jpg","contentUrl":"https:\/\/test.anakras.hr\/wp-content\/uploads\/2023\/03\/ak-logo-web-2.jpg","width":200,"height":200,"caption":"Ana Kra\u0161 d.o.o."},"image":{"@id":"https:\/\/test.anakras.hr\/en\/#\/schema\/logo\/image\/"},"sameAs":["https:\/\/www.facebook.com\/ana.krassostaric","https:\/\/www.instagram.com\/ana_kras_design\/"]}]}},"jetpack_sharing_enabled":true,"_links":{"self":[{"href":"https:\/\/test.anakras.hr\/en\/wp-json\/wp\/v2\/pages\/47582","targetHints":{"allow":["GET"]}}],"collection":[{"href":"https:\/\/test.anakras.hr\/en\/wp-json\/wp\/v2\/pages"}],"about":[{"href":"https:\/\/test.anakras.hr\/en\/wp-json\/wp\/v2\/types\/page"}],"author":[{"embeddable":true,"href":"https:\/\/test.anakras.hr\/en\/wp-json\/wp\/v2\/users\/70"}],"replies":[{"embeddable":true,"href":"https:\/\/test.anakras.hr\/en\/wp-json\/wp\/v2\/comments?post=47582"}],"version-history":[{"count":2,"href":"https:\/\/test.anakras.hr\/en\/wp-json\/wp\/v2\/pages\/47582\/revisions"}],"predecessor-version":[{"id":47584,"href":"https:\/\/test.anakras.hr\/en\/wp-json\/wp\/v2\/pages\/47582\/revisions\/47584"}],"wp:attachment":[{"href":"https:\/\/test.anakras.hr\/en\/wp-json\/wp\/v2\/media?parent=47582"}],"curies":[{"name":"wp","href":"https:\/\/api.w.org\/{rel}","templated":true}]}}